{"id":1154,"date":"2025-04-07T13:38:25","date_gmt":"2025-04-07T13:38:25","guid":{"rendered":"https:\/\/creaseed.fr\/?page_id=1154"},"modified":"2025-11-24T13:40:54","modified_gmt":"2025-11-24T13:40:54","slug":"contact","status":"publish","type":"page","link":"https:\/\/creaseed.fr\/index.php\/contact\/","title":{"rendered":"Contact"},"content":{"rendered":"\t\t<div data-elementor-type=\"wp-page\" data-elementor-id=\"1154\" class=\"elementor elementor-1154\">\n\t\t\t\t\t\t<section class=\"elementor-section elementor-top-section elementor-element elementor-element-e7668d1 elementor-section-boxed elementor-section-height-default elementor-section-height-default\" data-id=\"e7668d1\" data-element_type=\"section\" data-e-type=\"section\">\n\t\t\t\t\t\t<div class=\"elementor-container elementor-column-gap-default\">\n\t\t\t\t\t<div class=\"elementor-column elementor-col-50 elementor-top-column elementor-element elementor-element-088376d\" data-id=\"088376d\" data-element_type=\"column\" data-e-type=\"column\">\n\t\t\t<div class=\"elementor-widget-wrap elementor-element-populated\">\n\t\t\t\t\t\t<div class=\"elementor-element elementor-element-8cb0223 elementor-widget elementor-widget-wpforms\" data-id=\"8cb0223\" data-element_type=\"widget\" data-e-type=\"widget\" data-widget_type=\"wpforms.default\">\n\t\t\t\t<div class=\"elementor-widget-container\">\n\t\t\t\t\t<div class=\"wpforms-container wpforms-container-full\" id=\"wpforms-111\"><form id=\"wpforms-form-111\" class=\"wpforms-validate wpforms-form wpforms-ajax-form\" data-formid=\"111\" method=\"post\" enctype=\"multipart\/form-data\" action=\"\/index.php\/wp-json\/wp\/v2\/pages\/1154\" data-token=\"9a63e2e27167a2d8d7300baf2b2cb9c2\" data-token-time=\"1776594603\"><noscript class=\"wpforms-error-noscript\">Veuillez activer JavaScript dans votre navigateur pour remplir ce formulaire.<\/noscript><div class=\"wpforms-field-container\"><div id=\"wpforms-111-field_1-container\" class=\"wpforms-field wpforms-field-name\" data-field-id=\"1\"><label class=\"wpforms-field-label\" for=\"wpforms-111-field_1\">Nom <span class=\"wpforms-required-label\">*<\/span><\/label><input type=\"text\" id=\"wpforms-111-field_1\" class=\"wpforms-field-medium wpforms-field-required\" name=\"wpforms[fields][1]\" required><\/div><div id=\"wpforms-111-field_2-container\" class=\"wpforms-field wpforms-field-email\" data-field-id=\"2\"><label class=\"wpforms-field-label\" for=\"wpforms-111-field_2\">Email <span class=\"wpforms-required-label\">*<\/span><\/label><input type=\"email\" id=\"wpforms-111-field_2\" class=\"wpforms-field-medium wpforms-field-required\" name=\"wpforms[fields][2]\" spellcheck=\"false\" required><\/div><div id=\"wpforms-111-field_5-container\" class=\"wpforms-field wpforms-field-text\" data-field-id=\"5\"><label class=\"wpforms-field-label\" for=\"wpforms-111-field_5\">Num\u00e9ro de t\u00e9l\u00e9phone <span class=\"wpforms-required-label\">*<\/span><\/label><input type=\"text\" id=\"wpforms-111-field_5\" class=\"wpforms-field-medium wpforms-field-required\" name=\"wpforms[fields][5]\" required><\/div><div id=\"wpforms-111-field_3-container\" class=\"wpforms-field wpforms-field-text\" data-field-id=\"3\"><label class=\"wpforms-field-label\" for=\"wpforms-111-field_3\">Soci\u00e9t\u00e9 <span class=\"wpforms-required-label\">*<\/span><\/label><input type=\"text\" id=\"wpforms-111-field_3\" class=\"wpforms-field-medium wpforms-field-required\" name=\"wpforms[fields][3]\" required><\/div><div id=\"wpforms-111-field_4-container\" class=\"wpforms-field wpforms-field-textarea\" data-field-id=\"4\"><label class=\"wpforms-field-label\" for=\"wpforms-111-field_4\">Message <span class=\"wpforms-required-label\">*<\/span><\/label><textarea id=\"wpforms-111-field_4\" class=\"wpforms-field-medium wpforms-field-required\" name=\"wpforms[fields][4]\" required><\/textarea><\/div><\/div><!-- .wpforms-field-container --><div class=\"wpforms-submit-container\" ><input type=\"hidden\" name=\"wpforms[id]\" value=\"111\"><input type=\"hidden\" name=\"page_title\" value=\"\"><input type=\"hidden\" name=\"page_url\" value=\"https:\/\/creaseed.fr\/index.php\/wp-json\/wp\/v2\/pages\/1154\"><input type=\"hidden\" name=\"url_referer\" value=\"\"><button type=\"submit\" name=\"wpforms[submit]\" id=\"wpforms-submit-111\" class=\"wpforms-submit\" data-alt-text=\"Sending...\" data-submit-text=\"Envoyer\" aria-live=\"assertive\" value=\"wpforms-submit\">Envoyer<\/button><img decoding=\"async\" src=\"https:\/\/creaseed.fr\/wp-content\/plugins\/wpforms-lite\/assets\/images\/submit-spin.svg\" class=\"wpforms-submit-spinner\" style=\"display: none;\" width=\"26\" height=\"26\" alt=\"Chargement en cours\"><\/div><\/form><\/div>  <!-- .wpforms-container -->\t\t\t\t<\/div>\n\t\t\t\t<\/div>\n\t\t\t\t<div class=\"elementor-element elementor-element-317b78d elementor-widget elementor-widget-spacer\" data-id=\"317b78d\" data-element_type=\"widget\" data-e-type=\"widget\" data-widget_type=\"spacer.default\">\n\t\t\t\t<div class=\"elementor-widget-container\">\n\t\t\t\t\t\t\t<div class=\"elementor-spacer\">\n\t\t\t<div class=\"elementor-spacer-inner\"><\/div>\n\t\t<\/div>\n\t\t\t\t\t\t<\/div>\n\t\t\t\t<\/div>\n\t\t\t\t\t<\/div>\n\t\t<\/div>\n\t\t\t\t<div class=\"elementor-column elementor-col-50 elementor-top-column elementor-element elementor-element-28f8dae\" data-id=\"28f8dae\" data-element_type=\"column\" data-e-type=\"column\">\n\t\t\t<div class=\"elementor-widget-wrap elementor-element-populated\">\n\t\t\t\t\t\t<div class=\"elementor-element elementor-element-e74e12c elementor-widget elementor-widget-image\" data-id=\"e74e12c\" data-element_type=\"widget\" data-e-type=\"widget\" data-widget_type=\"image.default\">\n\t\t\t\t<div class=\"elementor-widget-container\">\n\t\t\t\t\t\t\t\t\t\t\t\t\t\t\t<img fetchpriority=\"high\" decoding=\"async\" width=\"500\" height=\"359\" src=\"https:\/\/i0.wp.com\/creaseed.fr\/wp-content\/uploads\/2023\/10\/Image-banniere.png?fit=500%2C359&amp;ssl=1\" class=\"attachment-large size-large wp-image-936\" alt=\"\" srcset=\"https:\/\/i0.wp.com\/creaseed.fr\/wp-content\/uploads\/2023\/10\/Image-banniere.png?w=500&amp;ssl=1 500w, https:\/\/i0.wp.com\/creaseed.fr\/wp-content\/uploads\/2023\/10\/Image-banniere.png?resize=300%2C215&amp;ssl=1 300w\" sizes=\"(max-width: 500px) 100vw, 500px\" \/>\t\t\t\t\t\t\t\t\t\t\t\t\t\t\t<\/div>\n\t\t\t\t<\/div>\n\t\t\t\t\t<\/div>\n\t\t<\/div>\n\t\t\t\t\t<\/div>\n\t\t<\/section>\n\t\t\t\t<section class=\"elementor-section elementor-top-section elementor-element elementor-element-da1a922 elementor-section-content-middle elementor-section-boxed elementor-section-height-default elementor-section-height-default\" data-id=\"da1a922\" data-element_type=\"section\" data-e-type=\"section\">\n\t\t\t\t\t\t<div class=\"elementor-container elementor-column-gap-default\">\n\t\t\t\t\t<div class=\"elementor-column elementor-col-100 elementor-top-column elementor-element elementor-element-06d9a1d\" data-id=\"06d9a1d\" data-element_type=\"column\" data-e-type=\"column\">\n\t\t\t<div class=\"elementor-widget-wrap elementor-element-populated\">\n\t\t\t\t\t\t<div class=\"elementor-element elementor-element-c2dfd43 elementor-align-left elementor-invisible elementor-widget elementor-widget-button\" data-id=\"c2dfd43\" data-element_type=\"widget\" data-e-type=\"widget\" data-settings=\"{&quot;_animation&quot;:&quot;bounceIn&quot;}\" data-widget_type=\"button.default\">\n\t\t\t\t<div class=\"elementor-widget-container\">\n\t\t\t\t\t\t\t\t\t<div class=\"elementor-button-wrapper\">\n\t\t\t\t\t<a class=\"elementor-button elementor-button-link elementor-size-sm\" href=\"https:\/\/calendly.com\/contact-creaseed\/30min\" target=\"_blank\">\n\t\t\t\t\t\t<span class=\"elementor-button-content-wrapper\">\n\t\t\t\t\t\t\t\t\t<span class=\"elementor-button-text\">Ou r\u00e9server directement un call de d\u00e9couverte<\/span>\n\t\t\t\t\t<\/span>\n\t\t\t\t\t<\/a>\n\t\t\t\t<\/div>\n\t\t\t\t\t\t\t\t<\/div>\n\t\t\t\t<\/div>\n\t\t\t\t\t<\/div>\n\t\t<\/div>\n\t\t\t\t\t<\/div>\n\t\t<\/section>\n\t\t\t\t<\/div>\n\t\t","protected":false},"excerpt":{"rendered":"<p>Veuillez activer JavaScript dans votre navigateur pour remplir ce formulaire.Nom *Email *Num\u00e9ro de t\u00e9l\u00e9phone *Soci\u00e9t\u00e9 *Message * Envoyer Ou r\u00e9server directement un call de d\u00e9couverte<\/p>\n","protected":false},"author":1,"featured_media":0,"parent":0,"menu_order":0,"comment_status":"closed","ping_status":"closed","template":"","meta":{"_monsterinsights_skip_tracking":false,"_monsterinsights_sitenote_active":false,"_monsterinsights_sitenote_note":"","_monsterinsights_sitenote_category":0,"footnotes":""},"class_list":["post-1154","page","type-page","status-publish","hentry"],"yoast_head":"<!-- This site is optimized with the Yoast SEO plugin v22.5 - https:\/\/yoast.com\/wordpress\/plugins\/seo\/ -->\n<title>Contact - Cr\u00e9aSeed<\/title>\n<meta name=\"robots\" content=\"index, follow, max-snippet:-1, max-image-preview:large, max-video-preview:-1\" \/>\n<link rel=\"canonical\" href=\"https:\/\/creaseed.fr\/index.php\/contact\/\" \/>\n<meta property=\"og:locale\" content=\"fr_FR\" \/>\n<meta property=\"og:type\" content=\"article\" \/>\n<meta property=\"og:title\" content=\"Contact - Cr\u00e9aSeed\" \/>\n<meta property=\"og:description\" content=\"Veuillez activer JavaScript dans votre navigateur pour remplir ce formulaire.Nom *Email *Num\u00e9ro de t\u00e9l\u00e9phone *Soci\u00e9t\u00e9 *Message * Envoyer Ou r\u00e9server directement un call de d\u00e9couverte\" \/>\n<meta property=\"og:url\" content=\"https:\/\/creaseed.fr\/index.php\/contact\/\" \/>\n<meta property=\"og:site_name\" content=\"Cr\u00e9aSeed\" \/>\n<meta property=\"article:modified_time\" content=\"2025-11-24T13:40:54+00:00\" \/>\n<meta property=\"og:image\" content=\"https:\/\/creaseed.fr\/wp-content\/plugins\/wpforms-lite\/assets\/images\/submit-spin.svg\" \/>\n<meta name=\"twitter:card\" content=\"summary_large_image\" \/>\n<meta name=\"twitter:label1\" content=\"Dur\u00e9e de lecture estim\u00e9e\" \/>\n\t<meta name=\"twitter:data1\" content=\"1 minute\" \/>\n<script type=\"application\/ld+json\" class=\"yoast-schema-graph\">{\"@context\":\"https:\/\/schema.org\",\"@graph\":[{\"@type\":\"WebPage\",\"@id\":\"https:\/\/creaseed.fr\/index.php\/contact\/\",\"url\":\"https:\/\/creaseed.fr\/index.php\/contact\/\",\"name\":\"Contact - Cr\u00e9aSeed\",\"isPartOf\":{\"@id\":\"https:\/\/creaseed.fr\/#website\"},\"primaryImageOfPage\":{\"@id\":\"https:\/\/creaseed.fr\/index.php\/contact\/#primaryimage\"},\"image\":{\"@id\":\"https:\/\/creaseed.fr\/index.php\/contact\/#primaryimage\"},\"thumbnailUrl\":\"https:\/\/creaseed.fr\/wp-content\/plugins\/wpforms-lite\/assets\/images\/submit-spin.svg\",\"datePublished\":\"2025-04-07T13:38:25+00:00\",\"dateModified\":\"2025-11-24T13:40:54+00:00\",\"breadcrumb\":{\"@id\":\"https:\/\/creaseed.fr\/index.php\/contact\/#breadcrumb\"},\"inLanguage\":\"fr-FR\",\"potentialAction\":[{\"@type\":\"ReadAction\",\"target\":[\"https:\/\/creaseed.fr\/index.php\/contact\/\"]}]},{\"@type\":\"ImageObject\",\"inLanguage\":\"fr-FR\",\"@id\":\"https:\/\/creaseed.fr\/index.php\/contact\/#primaryimage\",\"url\":\"https:\/\/creaseed.fr\/wp-content\/plugins\/wpforms-lite\/assets\/images\/submit-spin.svg\",\"contentUrl\":\"https:\/\/creaseed.fr\/wp-content\/plugins\/wpforms-lite\/assets\/images\/submit-spin.svg\"},{\"@type\":\"BreadcrumbList\",\"@id\":\"https:\/\/creaseed.fr\/index.php\/contact\/#breadcrumb\",\"itemListElement\":[{\"@type\":\"ListItem\",\"position\":1,\"name\":\"Accueil\",\"item\":\"https:\/\/creaseed.fr\/\"},{\"@type\":\"ListItem\",\"position\":2,\"name\":\"Contact\"}]},{\"@type\":\"WebSite\",\"@id\":\"https:\/\/creaseed.fr\/#website\",\"url\":\"https:\/\/creaseed.fr\/\",\"name\":\"Cr\u00e9aSeed\",\"description\":\"La graine cr\u00e9ative de la communication\",\"publisher\":{\"@id\":\"https:\/\/creaseed.fr\/#organization\"},\"potentialAction\":[{\"@type\":\"SearchAction\",\"target\":{\"@type\":\"EntryPoint\",\"urlTemplate\":\"https:\/\/creaseed.fr\/?s={search_term_string}\"},\"query-input\":\"required name=search_term_string\"}],\"inLanguage\":\"fr-FR\"},{\"@type\":\"Organization\",\"@id\":\"https:\/\/creaseed.fr\/#organization\",\"name\":\"Cr\u00e9aSeed\",\"url\":\"https:\/\/creaseed.fr\/\",\"logo\":{\"@type\":\"ImageObject\",\"inLanguage\":\"fr-FR\",\"@id\":\"https:\/\/creaseed.fr\/#\/schema\/logo\/image\/\",\"url\":\"https:\/\/i0.wp.com\/creaseed.fr\/wp-content\/uploads\/2022\/07\/Logo-CreaSeed.png?fit=350%2C330&ssl=1\",\"contentUrl\":\"https:\/\/i0.wp.com\/creaseed.fr\/wp-content\/uploads\/2022\/07\/Logo-CreaSeed.png?fit=350%2C330&ssl=1\",\"width\":350,\"height\":330,\"caption\":\"Cr\u00e9aSeed\"},\"image\":{\"@id\":\"https:\/\/creaseed.fr\/#\/schema\/logo\/image\/\"},\"sameAs\":[\"https:\/\/www.linkedin.com\/company\/creaseed\/\"]}]}<\/script>\n<!-- \/ Yoast SEO plugin. -->","yoast_head_json":{"title":"Contact - Cr\u00e9aSeed","robots":{"index":"index","follow":"follow","max-snippet":"max-snippet:-1","max-image-preview":"max-image-preview:large","max-video-preview":"max-video-preview:-1"},"canonical":"https:\/\/creaseed.fr\/index.php\/contact\/","og_locale":"fr_FR","og_type":"article","og_title":"Contact - Cr\u00e9aSeed","og_description":"Veuillez activer JavaScript dans votre navigateur pour remplir ce formulaire.Nom *Email *Num\u00e9ro de t\u00e9l\u00e9phone *Soci\u00e9t\u00e9 *Message * Envoyer Ou r\u00e9server directement un call de d\u00e9couverte","og_url":"https:\/\/creaseed.fr\/index.php\/contact\/","og_site_name":"Cr\u00e9aSeed","article_modified_time":"2025-11-24T13:40:54+00:00","og_image":[{"url":"https:\/\/creaseed.fr\/wp-content\/plugins\/wpforms-lite\/assets\/images\/submit-spin.svg"}],"twitter_card":"summary_large_image","twitter_misc":{"Dur\u00e9e de lecture estim\u00e9e":"1 minute"},"schema":{"@context":"https:\/\/schema.org","@graph":[{"@type":"WebPage","@id":"https:\/\/creaseed.fr\/index.php\/contact\/","url":"https:\/\/creaseed.fr\/index.php\/contact\/","name":"Contact - Cr\u00e9aSeed","isPartOf":{"@id":"https:\/\/creaseed.fr\/#website"},"primaryImageOfPage":{"@id":"https:\/\/creaseed.fr\/index.php\/contact\/#primaryimage"},"image":{"@id":"https:\/\/creaseed.fr\/index.php\/contact\/#primaryimage"},"thumbnailUrl":"https:\/\/creaseed.fr\/wp-content\/plugins\/wpforms-lite\/assets\/images\/submit-spin.svg","datePublished":"2025-04-07T13:38:25+00:00","dateModified":"2025-11-24T13:40:54+00:00","breadcrumb":{"@id":"https:\/\/creaseed.fr\/index.php\/contact\/#breadcrumb"},"inLanguage":"fr-FR","potentialAction":[{"@type":"ReadAction","target":["https:\/\/creaseed.fr\/index.php\/contact\/"]}]},{"@type":"ImageObject","inLanguage":"fr-FR","@id":"https:\/\/creaseed.fr\/index.php\/contact\/#primaryimage","url":"https:\/\/creaseed.fr\/wp-content\/plugins\/wpforms-lite\/assets\/images\/submit-spin.svg","contentUrl":"https:\/\/creaseed.fr\/wp-content\/plugins\/wpforms-lite\/assets\/images\/submit-spin.svg"},{"@type":"BreadcrumbList","@id":"https:\/\/creaseed.fr\/index.php\/contact\/#breadcrumb","itemListElement":[{"@type":"ListItem","position":1,"name":"Accueil","item":"https:\/\/creaseed.fr\/"},{"@type":"ListItem","position":2,"name":"Contact"}]},{"@type":"WebSite","@id":"https:\/\/creaseed.fr\/#website","url":"https:\/\/creaseed.fr\/","name":"Cr\u00e9aSeed","description":"La graine cr\u00e9ative de la communication","publisher":{"@id":"https:\/\/creaseed.fr\/#organization"},"potentialAction":[{"@type":"SearchAction","target":{"@type":"EntryPoint","urlTemplate":"https:\/\/creaseed.fr\/?s={search_term_string}"},"query-input":"required name=search_term_string"}],"inLanguage":"fr-FR"},{"@type":"Organization","@id":"https:\/\/creaseed.fr\/#organization","name":"Cr\u00e9aSeed","url":"https:\/\/creaseed.fr\/","logo":{"@type":"ImageObject","inLanguage":"fr-FR","@id":"https:\/\/creaseed.fr\/#\/schema\/logo\/image\/","url":"https:\/\/i0.wp.com\/creaseed.fr\/wp-content\/uploads\/2022\/07\/Logo-CreaSeed.png?fit=350%2C330&ssl=1","contentUrl":"https:\/\/i0.wp.com\/creaseed.fr\/wp-content\/uploads\/2022\/07\/Logo-CreaSeed.png?fit=350%2C330&ssl=1","width":350,"height":330,"caption":"Cr\u00e9aSeed"},"image":{"@id":"https:\/\/creaseed.fr\/#\/schema\/logo\/image\/"},"sameAs":["https:\/\/www.linkedin.com\/company\/creaseed\/"]}]}},"jetpack_sharing_enabled":true,"_links":{"self":[{"href":"https:\/\/creaseed.fr\/index.php\/wp-json\/wp\/v2\/pages\/1154","targetHints":{"allow":["GET"]}}],"collection":[{"href":"https:\/\/creaseed.fr\/index.php\/wp-json\/wp\/v2\/pages"}],"about":[{"href":"https:\/\/creaseed.fr\/index.php\/wp-json\/wp\/v2\/types\/page"}],"author":[{"embeddable":true,"href":"https:\/\/creaseed.fr\/index.php\/wp-json\/wp\/v2\/users\/1"}],"replies":[{"embeddable":true,"href":"https:\/\/creaseed.fr\/index.php\/wp-json\/wp\/v2\/comments?post=1154"}],"version-history":[{"count":18,"href":"https:\/\/creaseed.fr\/index.php\/wp-json\/wp\/v2\/pages\/1154\/revisions"}],"predecessor-version":[{"id":1257,"href":"https:\/\/creaseed.fr\/index.php\/wp-json\/wp\/v2\/pages\/1154\/revisions\/1257"}],"wp:attachment":[{"href":"https:\/\/creaseed.fr\/index.php\/wp-json\/wp\/v2\/media?parent=1154"}],"curies":[{"name":"wp","href":"https:\/\/api.w.org\/{rel}","templated":true}]}}