{"id":540,"date":"2022-09-24T11:37:20","date_gmt":"2022-09-24T11:37:20","guid":{"rendered":"https:\/\/creaseed.fr\/?page_id=540"},"modified":"2023-09-23T11:58:17","modified_gmt":"2023-09-23T11:58:17","slug":"mention-legales","status":"publish","type":"page","link":"https:\/\/creaseed.fr\/index.php\/mention-legales\/","title":{"rendered":"Mentions l\u00e9gales"},"content":{"rendered":"\t\t<div data-elementor-type=\"wp-page\" data-elementor-id=\"540\" class=\"elementor elementor-540\">\n\t\t\t\t\t\t<section class=\"elementor-section elementor-top-section elementor-element elementor-element-5a2dffa elementor-section-boxed elementor-section-height-default elementor-section-height-default\" data-id=\"5a2dffa\" data-element_type=\"section\" data-e-type=\"section\">\n\t\t\t\t\t\t<div class=\"elementor-container elementor-column-gap-default\">\n\t\t\t\t\t<div class=\"elementor-column elementor-col-100 elementor-top-column elementor-element elementor-element-6949218\" data-id=\"6949218\" data-element_type=\"column\" data-e-type=\"column\">\n\t\t\t<div class=\"elementor-widget-wrap elementor-element-populated\">\n\t\t\t\t\t\t<div class=\"elementor-element elementor-element-61a3a6a elementor-widget elementor-widget-heading\" data-id=\"61a3a6a\" data-element_type=\"widget\" data-e-type=\"widget\" data-widget_type=\"heading.default\">\n\t\t\t\t<div class=\"elementor-widget-container\">\n\t\t\t\t\t<h2 class=\"elementor-heading-title elementor-size-default\">Identification<\/h2>\t\t\t\t<\/div>\n\t\t\t\t<\/div>\n\t\t\t\t\t<\/div>\n\t\t<\/div>\n\t\t\t\t\t<\/div>\n\t\t<\/section>\n\t\t\t\t<section class=\"elementor-section elementor-top-section elementor-element elementor-element-688e7df elementor-section-boxed elementor-section-height-default elementor-section-height-default\" data-id=\"688e7df\" data-element_type=\"section\" data-e-type=\"section\">\n\t\t\t\t\t\t<div class=\"elementor-container elementor-column-gap-default\">\n\t\t\t\t\t<div class=\"elementor-column elementor-col-100 elementor-top-column elementor-element elementor-element-9cef02e\" data-id=\"9cef02e\" data-element_type=\"column\" data-e-type=\"column\">\n\t\t\t<div class=\"elementor-widget-wrap elementor-element-populated\">\n\t\t\t\t\t\t<div class=\"elementor-element elementor-element-47d7fb6 elementor-widget elementor-widget-text-editor\" data-id=\"47d7fb6\" data-element_type=\"widget\" data-e-type=\"widget\" data-widget_type=\"text-editor.default\">\n\t\t\t\t<div class=\"elementor-widget-container\">\n\t\t\t\t\t\t\t\t\t<ul>\n<li>Propri\u00e9taire du site&nbsp; : Berranger Sara.<\/li>\n<li><span style=\"color: var( --e-global-color-text ); letter-spacing: 0px; background-color: var( --e-global-color-c696dce );\">Adresse : 16 avenue F\u00e9lix Faure, 69580, Sathonay-camp.<\/span><\/li>\n<li>Mail :&nbsp;<a href=\"mailto: contact@creaseed.fr\" target=\"_blank\">contact@creaseed.fr<\/a><\/li>\n<li>Num\u00e9ro de t\u00e9l\u00e9phone : 06-74-69-70-53.<\/li>\n<li>Num\u00e9ro de SIRET : 91883369000012.<\/li>\n<li>Immatricul\u00e9e au RCS du Greffe de Lyon en tant que Graphiste.<\/li>\n<li>H\u00e9bergeur : Hostinger &#8211; contact :&nbsp;<a href=\"mailto: abuse@hostinger.com\" target=\"_blank\">abuse@hostinger.co<\/a>m &#8211;&nbsp;<a href=\"https:\/\/www.hostinger.fr\/contact\" target=\"_blank\">https:\/\/www.hostinger.fr\/contact<\/a><\/li>\n<\/ul>\t\t\t\t\t\t\t\t<\/div>\n\t\t\t\t<\/div>\n\t\t\t\t\t<\/div>\n\t\t<\/div>\n\t\t\t\t\t<\/div>\n\t\t<\/section>\n\t\t\t\t<section class=\"elementor-section elementor-top-section elementor-element elementor-element-96e41fd elementor-section-boxed elementor-section-height-default elementor-section-height-default\" data-id=\"96e41fd\" data-element_type=\"section\" data-e-type=\"section\">\n\t\t\t\t\t\t<div class=\"elementor-container elementor-column-gap-default\">\n\t\t\t\t\t<div class=\"elementor-column elementor-col-100 elementor-top-column elementor-element elementor-element-1c89d91\" data-id=\"1c89d91\" data-element_type=\"column\" data-e-type=\"column\">\n\t\t\t<div class=\"elementor-widget-wrap elementor-element-populated\">\n\t\t\t\t\t\t<div class=\"elementor-element elementor-element-274add5 elementor-widget elementor-widget-heading\" data-id=\"274add5\" data-element_type=\"widget\" data-e-type=\"widget\" data-widget_type=\"heading.default\">\n\t\t\t\t<div class=\"elementor-widget-container\">\n\t\t\t\t\t<h2 class=\"elementor-heading-title elementor-size-default\">Traitement des donn\u00e9es personnelles<\/h2>\t\t\t\t<\/div>\n\t\t\t\t<\/div>\n\t\t\t\t\t<\/div>\n\t\t<\/div>\n\t\t\t\t\t<\/div>\n\t\t<\/section>\n\t\t\t\t<section class=\"elementor-section elementor-top-section elementor-element elementor-element-326dfe8 elementor-section-boxed elementor-section-height-default elementor-section-height-default\" data-id=\"326dfe8\" data-element_type=\"section\" data-e-type=\"section\">\n\t\t\t\t\t\t<div class=\"elementor-container elementor-column-gap-default\">\n\t\t\t\t\t<div class=\"elementor-column elementor-col-100 elementor-top-column elementor-element elementor-element-cd59913\" data-id=\"cd59913\" data-element_type=\"column\" data-e-type=\"column\">\n\t\t\t<div class=\"elementor-widget-wrap elementor-element-populated\">\n\t\t\t\t\t\t<div class=\"elementor-element elementor-element-5a22894 elementor-widget elementor-widget-text-editor\" data-id=\"5a22894\" data-element_type=\"widget\" data-e-type=\"widget\" data-widget_type=\"text-editor.default\">\n\t\t\t\t<div class=\"elementor-widget-container\">\n\t\t\t\t\t\t\t\t\t<p><strong style=\"box-sizing: inherit;\">Le Client est inform\u00e9 des r\u00e9glementations concernant la loi du 21 Juin 2014 pour la confiance dans l\u2019Economie Num\u00e9rique, la Loi Informatique et Libert\u00e9 du 06 Ao\u00fbt 2004 ainsi que du R\u00e8glement G\u00e9n\u00e9ral sur la Protection des Donn\u00e9es (<a href=\"https:\/\/www.cnil.fr\/fr\/reglement-europeen-protection-donnees\" target=\"_blank\">RGPD : n\u00b0 2016-679<\/a>).<\/strong><\/p>\n<ul>\n<li style=\"box-sizing: inherit; --xl-base: calc(var(--xl-size) * 0.9); padding-bottom: var(--li-bottom); margin-bottom: 0.5rem;\">&nbsp;<strong style=\"background-color: transparent; color: var( --e-global-color-text ); font-family: var( --e-global-typography-text-font-family ), Sans-serif; font-style: var( --e-global-typography-text-font-style ); letter-spacing: var( --e-global-typography-text-letter-spacing ); text-transform: var( --e-global-typography-text-text-transform ); box-sizing: inherit;\">Identit\u00e9 de l&rsquo;organisme responsable du traitement<\/strong><strong style=\"background-color: transparent; color: var( --e-global-color-text ); font-family: var( --e-global-typography-text-font-family ), Sans-serif; font-style: var( --e-global-typography-text-font-style ); letter-spacing: var( --e-global-typography-text-letter-spacing ); text-transform: var( --e-global-typography-text-text-transform ); box-sizing: inherit;\">&nbsp;<\/strong><span style=\"background-color: transparent; color: var( --e-global-color-text ); font-family: var( --e-global-typography-text-font-family ), Sans-serif; font-style: var( --e-global-typography-text-font-style ); font-weight: var( --e-global-typography-text-font-weight ); letter-spacing: var( --e-global-typography-text-letter-spacing ); text-transform: var( --e-global-typography-text-text-transform );\">: Berranger Sara,&nbsp;<\/span><a href=\"mailto: contact@creaseed.fr\" target=\"_blank\">contact@creaseed.fr<\/a><\/li>\n<li style=\"box-sizing: inherit; --xl-base: calc(var(--xl-size) * 0.9); padding-bottom: var(--li-bottom); margin-bottom: 0.5rem;\"><span style=\"background-color: transparent; color: var( --e-global-color-text ); font-family: var( --e-global-typography-text-font-family ), Sans-serif; font-style: var( --e-global-typography-text-font-style ); font-weight: var( --e-global-typography-text-font-weight ); letter-spacing: var( --e-global-typography-text-letter-spacing ); text-transform: var( --e-global-typography-text-text-transform );\">Finalit\u00e9 poursuivie par le traitement : collecte des informations (nom, pr\u00e9nom, adresse-mail, num\u00e9ro de t\u00e9l\u00e9phone) afin d&rsquo;assurer une prise de contact efficace. Pas de commercialisation des donn\u00e9es personnelles qui sont seulement utilis\u00e9es \u00e0 des fins statistiques ou par n\u00e9c\u00e9ssit\u00e9.&nbsp;<\/span><\/li>\n<li style=\"box-sizing: inherit; --xl-base: calc(var(--xl-size) * 0.9); padding-bottom: var(--li-bottom); margin-bottom: 0.5rem;\"><span style=\"background-color: transparent; color: var( --e-global-color-text ); font-family: var( --e-global-typography-text-font-family ), Sans-serif; font-style: var( --e-global-typography-text-font-style ); font-weight: var( --e-global-typography-text-font-weight ); letter-spacing: var( --e-global-typography-text-letter-spacing ); text-transform: var( --e-global-typography-text-text-transform );\">Base l\u00e9gale justifiant le traitement : l&rsquo;utilisateur fournit ses informations en toute connaissance de cause.<\/span><\/li>\n<li style=\"box-sizing: inherit; --xl-base: calc(var(--xl-size) * 0.9); padding-bottom: var(--li-bottom); margin-bottom: 0.5rem;\"><span style=\"background-color: transparent; color: var( --e-global-color-text ); font-family: var( --e-global-typography-text-font-family ), Sans-serif; font-style: var( --e-global-typography-text-font-style ); font-weight: var( --e-global-typography-text-font-weight ); letter-spacing: var( --e-global-typography-text-letter-spacing ); text-transform: var( --e-global-typography-text-text-transform );\">Caract\u00e8re obligatoire&nbsp;<\/span><strong style=\"box-sizing: inherit; color: #3a3a3a; font-family: Marianne, arial, sans-serif;\">ou facultatif du recueil : l&rsquo;utilisateur n&rsquo;a pas d&rsquo;obligations \u00e0 fournir ses donn\u00e9es personnelles.<\/strong><\/li>\n<li style=\"box-sizing: inherit; --xl-base: calc(var(--xl-size) * 0.9); padding-bottom: var(--li-bottom); margin-bottom: 0.5rem;\"><strong style=\"box-sizing: inherit; color: #3a3a3a; font-family: Marianne, arial, sans-serif;\">Destinataire : Berranger Sara,<\/strong><a href=\"mailto: contact@creaseed.fr\" target=\"_blank\"> contact@creaseed.fr<\/a><\/li>\n<li style=\"box-sizing: inherit; --xl-base: calc(var(--xl-size) * 0.9); padding-bottom: var(--li-bottom); margin-bottom: 0.5rem;\"><strong style=\"box-sizing: inherit; color: #3a3a3a; font-family: Marianne, arial, sans-serif;\">Dur\u00e9e de conservation : archivage interm\u00e9diaire&nbsp;<\/strong><\/li>\n<li style=\"box-sizing: inherit; --xl-base: calc(var(--xl-size) * 0.9); padding-bottom: var(--li-bottom); margin-bottom: 0.5rem;\"><strong style=\"box-sizing: inherit; color: #3a3a3a; font-family: Marianne, arial, sans-serif;\">Droit : l&rsquo;utilisateur \u00e0 <\/strong>le droit de refuser la collecte, le droit d&rsquo;acc\u00e9der, de rectifier et d&rsquo;effacer ses donn\u00e9es ainsi que de proc\u00e9der \u00e0 une r\u00e9clamation \u00e0 la&nbsp;<a href=\"https:\/\/www.cnil.fr\/professionnel\" target=\"_blank\" rel=\"noopener\">CNIL<\/a><\/li>\n<\/ul>\t\t\t\t\t\t\t\t<\/div>\n\t\t\t\t<\/div>\n\t\t\t\t\t<\/div>\n\t\t<\/div>\n\t\t\t\t\t<\/div>\n\t\t<\/section>\n\t\t\t\t<\/div>\n\t\t","protected":false},"excerpt":{"rendered":"<p>Identification Propri\u00e9taire du site&nbsp; : Berranger Sara. Adresse : 16 avenue F\u00e9lix Faure, 69580, Sathonay-camp. Mail :&nbsp;contact@creaseed.fr Num\u00e9ro de t\u00e9l\u00e9phone : 06-74-69-70-53. Num\u00e9ro de SIRET : 91883369000012. Immatricul\u00e9e au RCS du Greffe de Lyon en tant que Graphiste. H\u00e9bergeur : Hostinger &#8211; contact :&nbsp;abuse@hostinger.com &#8211;&nbsp;https:\/\/www.hostinger.fr\/contact Traitement des donn\u00e9es personnelles Le Client est inform\u00e9 des r\u00e9glementations [&hellip;]<\/p>\n","protected":false},"author":1,"featured_media":0,"parent":0,"menu_order":0,"comment_status":"closed","ping_status":"closed","template":"","meta":{"_monsterinsights_skip_tracking":false,"_monsterinsights_sitenote_active":false,"_monsterinsights_sitenote_note":"","_monsterinsights_sitenote_category":0,"footnotes":""},"class_list":["post-540","page","type-page","status-publish","hentry"],"yoast_head":"<!-- This site is optimized with the Yoast SEO plugin v22.5 - https:\/\/yoast.com\/wordpress\/plugins\/seo\/ -->\n<title>Mentions l\u00e9gales - Cr\u00e9aSeed<\/title>\n<meta name=\"robots\" content=\"index, follow, max-snippet:-1, max-image-preview:large, max-video-preview:-1\" \/>\n<link rel=\"canonical\" href=\"https:\/\/creaseed.fr\/index.php\/mention-legales\/\" \/>\n<meta property=\"og:locale\" content=\"fr_FR\" \/>\n<meta property=\"og:type\" content=\"article\" \/>\n<meta property=\"og:title\" content=\"Mentions l\u00e9gales - Cr\u00e9aSeed\" \/>\n<meta property=\"og:description\" content=\"Identification Propri\u00e9taire du site&nbsp; : Berranger Sara. Adresse : 16 avenue F\u00e9lix Faure, 69580, Sathonay-camp. Mail :&nbsp;contact@creaseed.fr Num\u00e9ro de t\u00e9l\u00e9phone : 06-74-69-70-53. Num\u00e9ro de SIRET : 91883369000012. Immatricul\u00e9e au RCS du Greffe de Lyon en tant que Graphiste. H\u00e9bergeur : Hostinger &#8211; contact :&nbsp;abuse@hostinger.com &#8211;&nbsp;https:\/\/www.hostinger.fr\/contact Traitement des donn\u00e9es personnelles Le Client est inform\u00e9 des r\u00e9glementations [&hellip;]\" \/>\n<meta property=\"og:url\" content=\"https:\/\/creaseed.fr\/index.php\/mention-legales\/\" \/>\n<meta property=\"og:site_name\" content=\"Cr\u00e9aSeed\" \/>\n<meta property=\"article:modified_time\" content=\"2023-09-23T11:58:17+00:00\" \/>\n<meta name=\"twitter:card\" content=\"summary_large_image\" \/>\n<meta name=\"twitter:label1\" content=\"Dur\u00e9e de lecture estim\u00e9e\" \/>\n\t<meta name=\"twitter:data1\" content=\"2 minutes\" \/>\n<script type=\"application\/ld+json\" class=\"yoast-schema-graph\">{\"@context\":\"https:\/\/schema.org\",\"@graph\":[{\"@type\":\"WebPage\",\"@id\":\"https:\/\/creaseed.fr\/index.php\/mention-legales\/\",\"url\":\"https:\/\/creaseed.fr\/index.php\/mention-legales\/\",\"name\":\"Mentions l\u00e9gales - Cr\u00e9aSeed\",\"isPartOf\":{\"@id\":\"https:\/\/creaseed.fr\/#website\"},\"datePublished\":\"2022-09-24T11:37:20+00:00\",\"dateModified\":\"2023-09-23T11:58:17+00:00\",\"breadcrumb\":{\"@id\":\"https:\/\/creaseed.fr\/index.php\/mention-legales\/#breadcrumb\"},\"inLanguage\":\"fr-FR\",\"potentialAction\":[{\"@type\":\"ReadAction\",\"target\":[\"https:\/\/creaseed.fr\/index.php\/mention-legales\/\"]}]},{\"@type\":\"BreadcrumbList\",\"@id\":\"https:\/\/creaseed.fr\/index.php\/mention-legales\/#breadcrumb\",\"itemListElement\":[{\"@type\":\"ListItem\",\"position\":1,\"name\":\"Accueil\",\"item\":\"https:\/\/creaseed.fr\/\"},{\"@type\":\"ListItem\",\"position\":2,\"name\":\"Mentions l\u00e9gales\"}]},{\"@type\":\"WebSite\",\"@id\":\"https:\/\/creaseed.fr\/#website\",\"url\":\"https:\/\/creaseed.fr\/\",\"name\":\"Cr\u00e9aSeed\",\"description\":\"La graine cr\u00e9ative de la communication\",\"publisher\":{\"@id\":\"https:\/\/creaseed.fr\/#organization\"},\"potentialAction\":[{\"@type\":\"SearchAction\",\"target\":{\"@type\":\"EntryPoint\",\"urlTemplate\":\"https:\/\/creaseed.fr\/?s={search_term_string}\"},\"query-input\":\"required name=search_term_string\"}],\"inLanguage\":\"fr-FR\"},{\"@type\":\"Organization\",\"@id\":\"https:\/\/creaseed.fr\/#organization\",\"name\":\"Cr\u00e9aSeed\",\"url\":\"https:\/\/creaseed.fr\/\",\"logo\":{\"@type\":\"ImageObject\",\"inLanguage\":\"fr-FR\",\"@id\":\"https:\/\/creaseed.fr\/#\/schema\/logo\/image\/\",\"url\":\"https:\/\/i0.wp.com\/creaseed.fr\/wp-content\/uploads\/2022\/07\/Logo-CreaSeed.png?fit=350%2C330&ssl=1\",\"contentUrl\":\"https:\/\/i0.wp.com\/creaseed.fr\/wp-content\/uploads\/2022\/07\/Logo-CreaSeed.png?fit=350%2C330&ssl=1\",\"width\":350,\"height\":330,\"caption\":\"Cr\u00e9aSeed\"},\"image\":{\"@id\":\"https:\/\/creaseed.fr\/#\/schema\/logo\/image\/\"},\"sameAs\":[\"https:\/\/www.linkedin.com\/company\/creaseed\/\"]}]}<\/script>\n<!-- \/ Yoast SEO plugin. -->","yoast_head_json":{"title":"Mentions l\u00e9gales - Cr\u00e9aSeed","robots":{"index":"index","follow":"follow","max-snippet":"max-snippet:-1","max-image-preview":"max-image-preview:large","max-video-preview":"max-video-preview:-1"},"canonical":"https:\/\/creaseed.fr\/index.php\/mention-legales\/","og_locale":"fr_FR","og_type":"article","og_title":"Mentions l\u00e9gales - Cr\u00e9aSeed","og_description":"Identification Propri\u00e9taire du site&nbsp; : Berranger Sara. Adresse : 16 avenue F\u00e9lix Faure, 69580, Sathonay-camp. Mail :&nbsp;contact@creaseed.fr Num\u00e9ro de t\u00e9l\u00e9phone : 06-74-69-70-53. Num\u00e9ro de SIRET : 91883369000012. Immatricul\u00e9e au RCS du Greffe de Lyon en tant que Graphiste. H\u00e9bergeur : Hostinger &#8211; contact :&nbsp;abuse@hostinger.com &#8211;&nbsp;https:\/\/www.hostinger.fr\/contact Traitement des donn\u00e9es personnelles Le Client est inform\u00e9 des r\u00e9glementations [&hellip;]","og_url":"https:\/\/creaseed.fr\/index.php\/mention-legales\/","og_site_name":"Cr\u00e9aSeed","article_modified_time":"2023-09-23T11:58:17+00:00","twitter_card":"summary_large_image","twitter_misc":{"Dur\u00e9e de lecture estim\u00e9e":"2 minutes"},"schema":{"@context":"https:\/\/schema.org","@graph":[{"@type":"WebPage","@id":"https:\/\/creaseed.fr\/index.php\/mention-legales\/","url":"https:\/\/creaseed.fr\/index.php\/mention-legales\/","name":"Mentions l\u00e9gales - Cr\u00e9aSeed","isPartOf":{"@id":"https:\/\/creaseed.fr\/#website"},"datePublished":"2022-09-24T11:37:20+00:00","dateModified":"2023-09-23T11:58:17+00:00","breadcrumb":{"@id":"https:\/\/creaseed.fr\/index.php\/mention-legales\/#breadcrumb"},"inLanguage":"fr-FR","potentialAction":[{"@type":"ReadAction","target":["https:\/\/creaseed.fr\/index.php\/mention-legales\/"]}]},{"@type":"BreadcrumbList","@id":"https:\/\/creaseed.fr\/index.php\/mention-legales\/#breadcrumb","itemListElement":[{"@type":"ListItem","position":1,"name":"Accueil","item":"https:\/\/creaseed.fr\/"},{"@type":"ListItem","position":2,"name":"Mentions l\u00e9gales"}]},{"@type":"WebSite","@id":"https:\/\/creaseed.fr\/#website","url":"https:\/\/creaseed.fr\/","name":"Cr\u00e9aSeed","description":"La graine cr\u00e9ative de la communication","publisher":{"@id":"https:\/\/creaseed.fr\/#organization"},"potentialAction":[{"@type":"SearchAction","target":{"@type":"EntryPoint","urlTemplate":"https:\/\/creaseed.fr\/?s={search_term_string}"},"query-input":"required name=search_term_string"}],"inLanguage":"fr-FR"},{"@type":"Organization","@id":"https:\/\/creaseed.fr\/#organization","name":"Cr\u00e9aSeed","url":"https:\/\/creaseed.fr\/","logo":{"@type":"ImageObject","inLanguage":"fr-FR","@id":"https:\/\/creaseed.fr\/#\/schema\/logo\/image\/","url":"https:\/\/i0.wp.com\/creaseed.fr\/wp-content\/uploads\/2022\/07\/Logo-CreaSeed.png?fit=350%2C330&ssl=1","contentUrl":"https:\/\/i0.wp.com\/creaseed.fr\/wp-content\/uploads\/2022\/07\/Logo-CreaSeed.png?fit=350%2C330&ssl=1","width":350,"height":330,"caption":"Cr\u00e9aSeed"},"image":{"@id":"https:\/\/creaseed.fr\/#\/schema\/logo\/image\/"},"sameAs":["https:\/\/www.linkedin.com\/company\/creaseed\/"]}]}},"jetpack_sharing_enabled":true,"_links":{"self":[{"href":"https:\/\/creaseed.fr\/index.php\/wp-json\/wp\/v2\/pages\/540","targetHints":{"allow":["GET"]}}],"collection":[{"href":"https:\/\/creaseed.fr\/index.php\/wp-json\/wp\/v2\/pages"}],"about":[{"href":"https:\/\/creaseed.fr\/index.php\/wp-json\/wp\/v2\/types\/page"}],"author":[{"embeddable":true,"href":"https:\/\/creaseed.fr\/index.php\/wp-json\/wp\/v2\/users\/1"}],"replies":[{"embeddable":true,"href":"https:\/\/creaseed.fr\/index.php\/wp-json\/wp\/v2\/comments?post=540"}],"version-history":[{"count":10,"href":"https:\/\/creaseed.fr\/index.php\/wp-json\/wp\/v2\/pages\/540\/revisions"}],"predecessor-version":[{"id":772,"href":"https:\/\/creaseed.fr\/index.php\/wp-json\/wp\/v2\/pages\/540\/revisions\/772"}],"wp:attachment":[{"href":"https:\/\/creaseed.fr\/index.php\/wp-json\/wp\/v2\/media?parent=540"}],"curies":[{"name":"wp","href":"https:\/\/api.w.org\/{rel}","templated":true}]}}